{"id":54,"date":"2008-09-17T16:53:25","date_gmt":"2008-09-17T21:53:25","guid":{"rendered":"http:\/\/dev.wpcoder.com\/dan\/wordpress\/?page_id=2"},"modified":"2018-04-16T22:49:38","modified_gmt":"2018-04-16T20:49:38","slug":"about","status":"publish","type":"page","link":"https:\/\/www.tcf-huerbel.de\/?page_id=54","title":{"rendered":"\u00dcber den TCF"},"content":{"rendered":"<p>Liebe Tennisfreunde, liebe Mitglieder<\/p>\n<p>&nbsp;<\/p>\n<p>Der Tennisclub Feuerstein H\u00fcrbel e.V. existiert seit ca. 40 Jahren und besteht derzeit aus ca. 120 aktiven Mitgliedern. Unser Mitgliederspektrum ist breit, wir bieten Tennissport f\u00fcr Kinder, Jugendliche, Erwachsene und Senioren auf allen Niveaustufen.<\/p>\n<p>&nbsp;<\/p>\n<p><img fetchpriority=\"high\" decoding=\"async\" class=\"wp-image-657 aligncenter\" src=\"http:\/\/tcf-huerbel.de\/wp-content\/uploads\/2017\/03\/foto2-300x169.jpg\" alt=\"\" width=\"500\" height=\"282\" srcset=\"https:\/\/www.tcf-huerbel.de\/wp-content\/uploads\/2017\/03\/foto2-300x169.jpg 300w, https:\/\/www.tcf-huerbel.de\/wp-content\/uploads\/2017\/03\/foto2-768x432.jpg 768w, https:\/\/www.tcf-huerbel.de\/wp-content\/uploads\/2017\/03\/foto2-1024x576.jpg 1024w, https:\/\/www.tcf-huerbel.de\/wp-content\/uploads\/2017\/03\/foto2-128x72.jpg 128w, https:\/\/www.tcf-huerbel.de\/wp-content\/uploads\/2017\/03\/foto2-32x18.jpg 32w\" sizes=\"(max-width: 500px) 100vw, 500px\" \/><\/p>\n<p>&nbsp;<\/p>\n<p>Der TCF bietet allen Mitgliedern und Tennisfreunden \u00fcber die Sommersaison hinweg neben dem Spielen auf den eigenen 3 Pl\u00e4tzen auch in unserem Sportgeb\u00e4ude mit Pergola viele gem\u00fctliche Stunden zu verbringen. In der Wintersaison besteht die M\u00f6glichkeit, in Tennishallen von befreundeten Vereinen zu trainieren.<\/p>\n<p>&nbsp;<\/p>\n<p><strong>Bau des neuen Vereinsheimes<\/strong><\/p>\n<p>In den Jahren 2014-2017 haben wir zwei neue Tennispl\u00e4tze sowie zusammen mit dem H\u00fcrbler Sportverein ein Sportgeb\u00e4ude gebaut.<\/p>\n","protected":false},"excerpt":{"rendered":"<p>Liebe Tennisfreunde, liebe Mitglieder &nbsp; Der Tennisclub Feuerstein H\u00fcrbel e.V. existiert seit ca. 40 Jahren und besteht derzeit aus ca. 120 aktiven Mitgliedern. Unser Mitgliederspektrum ist breit, wir bieten Tennissport f\u00fcr Kinder, Jugendliche, Erwachsene und Senioren auf allen Niveaustufen. &nbsp; &nbsp; Der TCF bietet allen Mitgliedern und Tennisfreunden \u00fcber die Sommersaison hinweg neben dem Spielen&#8230;<\/p>\n","protected":false},"author":2,"featured_media":0,"parent":0,"menu_order":0,"comment_status":"closed","ping_status":"closed","template":"","meta":{"footnotes":""},"class_list":["post-54","page","type-page","status-publish","hentry"],"_links":{"self":[{"href":"https:\/\/www.tcf-huerbel.de\/index.php?rest_route=\/wp\/v2\/pages\/54","targetHints":{"allow":["GET"]}}],"collection":[{"href":"https:\/\/www.tcf-huerbel.de\/index.php?rest_route=\/wp\/v2\/pages"}],"about":[{"href":"https:\/\/www.tcf-huerbel.de\/index.php?rest_route=\/wp\/v2\/types\/page"}],"author":[{"embeddable":true,"href":"https:\/\/www.tcf-huerbel.de\/index.php?rest_route=\/wp\/v2\/users\/2"}],"replies":[{"embeddable":true,"href":"https:\/\/www.tcf-huerbel.de\/index.php?rest_route=%2Fwp%2Fv2%2Fcomments&post=54"}],"version-history":[{"count":9,"href":"https:\/\/www.tcf-huerbel.de\/index.php?rest_route=\/wp\/v2\/pages\/54\/revisions"}],"predecessor-version":[{"id":2590,"href":"https:\/\/www.tcf-huerbel.de\/index.php?rest_route=\/wp\/v2\/pages\/54\/revisions\/2590"}],"wp:attachment":[{"href":"https:\/\/www.tcf-huerbel.de\/index.php?rest_route=%2Fwp%2Fv2%2Fmedia&parent=54"}],"curies":[{"name":"wp","href":"https:\/\/api.w.org\/{rel}","templated":true}]}}