{"id":526,"date":"2017-03-19T21:47:44","date_gmt":"2017-03-19T20:47:44","guid":{"rendered":"http:\/\/127.0.0.1:4001\/wordpress\/?page_id=526"},"modified":"2024-04-05T08:14:01","modified_gmt":"2024-04-05T06:14:01","slug":"termine","status":"publish","type":"page","link":"https:\/\/www.tcf-huerbel.de\/?page_id=526","title":{"rendered":"Training"},"content":{"rendered":"\t\t<div data-elementor-type=\"wp-post\" data-elementor-id=\"526\" class=\"elementor elementor-526\">\n\t\t\t\t\t\t<section class=\"elementor-section elementor-top-section elementor-element elementor-element-2cf0b111 elementor-section-boxed elementor-section-height-default elementor-section-height-default\" data-id=\"2cf0b111\" data-element_type=\"section\" data-e-type=\"section\">\n\t\t\t\t\t\t<div class=\"elementor-container elementor-column-gap-default\">\n\t\t\t\t\t<div class=\"elementor-column elementor-col-100 elementor-top-column elementor-element elementor-element-27717a51\" data-id=\"27717a51\" data-element_type=\"column\" data-e-type=\"column\">\n\t\t\t<div class=\"elementor-widget-wrap elementor-element-populated\">\n\t\t\t\t\t\t<div class=\"elementor-element elementor-element-587ab506 elementor-widget elementor-widget-text-editor\" data-id=\"587ab506\" data-element_type=\"widget\" data-e-type=\"widget\" data-widget_type=\"text-editor.default\">\n\t\t\t\t<div class=\"elementor-widget-container\">\n\t\t\t\t\t\t\t\t\t<h2 style=\"text-align: center;\">Unsere regelm\u00e4\u00dfigen Trainingstermine<\/h2><p style=\"text-align: center;\">Gruppenunterricht in kleinen Lerngruppen stellt eine sehr intensive Form des Trainings dar. Woche f\u00fcr Woche die Fertigkeiten in Sachen Technik, Koordination und im Spiel zu verbessern.<br \/>Und bei all dem darf der Spa\u00df nat\u00fcrlich nicht zu kurz kommen.<\/p><p style=\"text-align: center;\">\u00a0<\/p>\t\t\t\t\t\t\t\t<\/div>\n\t\t\t\t<\/div>\n\t\t\t\t\t<\/div>\n\t\t<\/div>\n\t\t\t\t\t<\/div>\n\t\t<\/section>\n\t\t\t\t<section class=\"elementor-section elementor-top-section elementor-element elementor-element-d1de38c elementor-section-boxed elementor-section-height-default elementor-section-height-default\" data-id=\"d1de38c\" data-element_type=\"section\" data-e-type=\"section\">\n\t\t\t\t\t\t<div class=\"elementor-container elementor-column-gap-default\">\n\t\t\t\t\t<div class=\"elementor-column elementor-col-100 elementor-top-column elementor-element elementor-element-3595175\" data-id=\"3595175\" data-element_type=\"column\" data-e-type=\"column\">\n\t\t\t<div class=\"elementor-widget-wrap\">\n\t\t\t\t\t\t\t<\/div>\n\t\t<\/div>\n\t\t\t\t\t<\/div>\n\t\t<\/section>\n\t\t\t\t<section class=\"elementor-section elementor-top-section elementor-element elementor-element-ed14aa8 elementor-section-boxed elementor-section-height-default elementor-section-height-default\" data-id=\"ed14aa8\" data-element_type=\"section\" data-e-type=\"section\">\n\t\t\t\t\t\t<div class=\"elementor-container elementor-column-gap-default\">\n\t\t\t\t\t<div class=\"elementor-column elementor-col-33 elementor-top-column elementor-element elementor-element-8fb358e\" data-id=\"8fb358e\" data-element_type=\"column\" data-e-type=\"column\">\n\t\t\t<div class=\"elementor-widget-wrap elementor-element-populated\">\n\t\t\t\t\t\t<div class=\"elementor-element elementor-element-deb5b3f elementor-widget elementor-widget-spacer\" data-id=\"deb5b3f\" data-element_type=\"widget\" data-e-type=\"widget\" data-widget_type=\"spacer.default\">\n\t\t\t\t<div class=\"elementor-widget-container\">\n\t\t\t\t\t\t\t<div class=\"elementor-spacer\">\n\t\t\t<div class=\"elementor-spacer-inner\"><\/div>\n\t\t<\/div>\n\t\t\t\t\t\t<\/div>\n\t\t\t\t<\/div>\n\t\t\t\t\t<\/div>\n\t\t<\/div>\n\t\t\t\t<div class=\"elementor-column elementor-col-33 elementor-top-column elementor-element elementor-element-a11c84e\" data-id=\"a11c84e\" data-element_type=\"column\" data-e-type=\"column\">\n\t\t\t<div class=\"elementor-widget-wrap elementor-element-populated\">\n\t\t\t\t\t\t<div class=\"elementor-element elementor-element-31a5027 elementor-widget elementor-widget-shortcode\" data-id=\"31a5027\" data-element_type=\"widget\" data-e-type=\"widget\" data-widget_type=\"shortcode.default\">\n\t\t\t\t<div class=\"elementor-widget-container\">\n\t\t\t\t\t\t\t<div class=\"elementor-shortcode\">\n<table id=\"tablepress-2\" class=\"tablepress tablepress-id-2\">\n<thead>\n<tr class=\"row-1\">\n\t<th class=\"column-1\">Datum, Zeit<\/th><th class=\"column-2\">Veranstaltung<\/th>\n<\/tr>\n<\/thead>\n<tbody class=\"row-striping row-hover\">\n<tr class=\"row-2\">\n\t<td class=\"column-1\">Montags<\/td><td class=\"column-2\">Training 17-20 Uhr<\/td>\n<\/tr>\n<tr class=\"row-3\">\n\t<td class=\"column-1\">Dienstags<\/td><td class=\"column-2\">Mannschaftstraining H50 17-21 Uhr<br \/>\nMannschaftstraining H40 17-21 Uhr<br \/>\nMannschaftstraining H30 17-21 Uhr<\/td>\n<\/tr>\n<tr class=\"row-4\">\n\t<td class=\"column-1\">Mittwochs<\/td><td class=\"column-2\">Training 14-21 Uhr<\/td>\n<\/tr>\n<tr class=\"row-5\">\n\t<td class=\"column-1\">Donnerstags<\/td><td class=\"column-2\">Training 15:30 -20 Uhr<\/td>\n<\/tr>\n<tr class=\"row-6\">\n\t<td class=\"column-1\">Freitags<\/td><td class=\"column-2\">Mannschaftstraining D + D30 17-21 Uhr<\/td>\n<\/tr>\n<tr class=\"row-7\">\n\t<td class=\"column-1\">Samstags<\/td><td class=\"column-2\">kein Training<\/td>\n<\/tr>\n<tr class=\"row-8\">\n\t<td class=\"column-1\">Sonntags<\/td><td class=\"column-2\">kein Training<\/td>\n<\/tr>\n<\/tbody>\n<\/table>\n<\/div>\n\t\t\t\t\t\t<\/div>\n\t\t\t\t<\/div>\n\t\t\t\t\t<\/div>\n\t\t<\/div>\n\t\t\t\t<div class=\"elementor-column elementor-col-33 elementor-top-column elementor-element elementor-element-e679a6f\" data-id=\"e679a6f\" data-element_type=\"column\" data-e-type=\"column\">\n\t\t\t<div class=\"elementor-widget-wrap elementor-element-populated\">\n\t\t\t\t\t\t<div class=\"elementor-element elementor-element-3e1fac8 elementor-widget elementor-widget-spacer\" data-id=\"3e1fac8\" data-element_type=\"widget\" data-e-type=\"widget\" data-widget_type=\"spacer.default\">\n\t\t\t\t<div class=\"elementor-widget-container\">\n\t\t\t\t\t\t\t<div class=\"elementor-spacer\">\n\t\t\t<div class=\"elementor-spacer-inner\"><\/div>\n\t\t<\/div>\n\t\t\t\t\t\t<\/div>\n\t\t\t\t<\/div>\n\t\t\t\t\t<\/div>\n\t\t<\/div>\n\t\t\t\t\t<\/div>\n\t\t<\/section>\n\t\t\t\t<\/div>\n\t\t","protected":false},"excerpt":{"rendered":"<p>Unsere regelm\u00e4\u00dfigen Trainingstermine Gruppenunterricht in kleinen Lerngruppen stellt eine sehr intensive Form des Trainings dar. Woche f\u00fcr Woche die Fertigkeiten in Sachen Technik, Koordination und im Spiel zu verbessern.Und bei all dem darf der Spa\u00df nat\u00fcrlich nicht zu kurz kommen. \u00a0<\/p>\n","protected":false},"author":2,"featured_media":0,"parent":0,"menu_order":0,"comment_status":"closed","ping_status":"closed","template":"","meta":{"footnotes":""},"class_list":["post-526","page","type-page","status-publish","hentry"],"_links":{"self":[{"href":"https:\/\/www.tcf-huerbel.de\/index.php?rest_route=\/wp\/v2\/pages\/526","targetHints":{"allow":["GET"]}}],"collection":[{"href":"https:\/\/www.tcf-huerbel.de\/index.php?rest_route=\/wp\/v2\/pages"}],"about":[{"href":"https:\/\/www.tcf-huerbel.de\/index.php?rest_route=\/wp\/v2\/types\/page"}],"author":[{"embeddable":true,"href":"https:\/\/www.tcf-huerbel.de\/index.php?rest_route=\/wp\/v2\/users\/2"}],"replies":[{"embeddable":true,"href":"https:\/\/www.tcf-huerbel.de\/index.php?rest_route=%2Fwp%2Fv2%2Fcomments&post=526"}],"version-history":[{"count":11,"href":"https:\/\/www.tcf-huerbel.de\/index.php?rest_route=\/wp\/v2\/pages\/526\/revisions"}],"predecessor-version":[{"id":3593,"href":"https:\/\/www.tcf-huerbel.de\/index.php?rest_route=\/wp\/v2\/pages\/526\/revisions\/3593"}],"wp:attachment":[{"href":"https:\/\/www.tcf-huerbel.de\/index.php?rest_route=%2Fwp%2Fv2%2Fmedia&parent=526"}],"curies":[{"name":"wp","href":"https:\/\/api.w.org\/{rel}","templated":true}]}}