{"id":3013,"date":"2020-06-25T21:55:20","date_gmt":"2020-06-25T19:55:20","guid":{"rendered":"https:\/\/www.tcf-huerbel.de\/?page_id=3013"},"modified":"2020-07-13T13:01:01","modified_gmt":"2020-07-13T11:01:01","slug":"anfahrt","status":"publish","type":"page","link":"https:\/\/www.tcf-huerbel.de\/?page_id=3013","title":{"rendered":"Anfahrt"},"content":{"rendered":"\n<p>Wie kommt ihr am Besten zu uns:  <\/p>\n\n\n\n<p>Eines gleich vorneweg: WIR SPIELEN IN H\u00dcBRBEL <br><br>Ihr findet unsere Tennisanlagen Ortsausgang H\u00fcrbel in Richtung Sch\u00f6neb\u00fcrg. <br><br>Die Adresse lautet: <br>Beim Eichwald 1 (neue Anschrift)<br>88484 H\u00fcrbel<\/p>\n\n\n\n<p>Die neue Anschrift wird m\u00f6glicherweise noch nicht von allen Navi&#8217;s gefunden. Die alte Anschrift lautete: Beim Sportplatz 1     <br>                                                                            <br>Oder ihr gebt die Koordinaten ins Navi ein:  <br>48\u00b007&#8217;44.6&#8243;N 9\u00b057&#8217;48.1&#8243;E<br>48.129061, 9.963368<br><\/p>\n\n\n\n<iframe src=\"https:\/\/www.google.com\/maps\/embed?pb=!1m18!1m12!1m3!1d6581.182588490379!2d9.958597195853985!3d48.12978523930781!2m3!1f0!2f0!3f0!3m2!1i1024!2i768!4f13.1!3m3!1m2!1s0x0%3A0x0!2zNDjCsDA3JzQ0LjYiTiA5wrA1Nyc0OC4xIkU!5e1!3m2!1sde!2sde!4v1593115018002!5m2!1sde!2sde\" width=\"600\" height=\"450\" frameborder=\"0\" style=\"border:0;\" allowfullscreen=\"\" aria-hidden=\"false\" tabindex=\"0\"><\/iframe>\n","protected":false},"excerpt":{"rendered":"<p>Wie kommt ihr am Besten zu uns: Eines gleich vorneweg: WIR SPIELEN IN H\u00dcBRBEL Ihr findet unsere Tennisanlagen Ortsausgang H\u00fcrbel in Richtung Sch\u00f6neb\u00fcrg. Die Adresse lautet: Beim Eichwald 1 (neue Anschrift)88484 H\u00fcrbel Die neue Anschrift wird m\u00f6glicherweise noch nicht von allen Navi&#8217;s gefunden. Die alte Anschrift lautete: Beim Sportplatz 1 Oder ihr gebt die Koordinaten&#8230;<\/p>\n","protected":false},"author":4,"featured_media":0,"parent":0,"menu_order":0,"comment_status":"closed","ping_status":"closed","template":"","meta":{"footnotes":""},"class_list":["post-3013","page","type-page","status-publish","hentry"],"_links":{"self":[{"href":"https:\/\/www.tcf-huerbel.de\/index.php?rest_route=\/wp\/v2\/pages\/3013","targetHints":{"allow":["GET"]}}],"collection":[{"href":"https:\/\/www.tcf-huerbel.de\/index.php?rest_route=\/wp\/v2\/pages"}],"about":[{"href":"https:\/\/www.tcf-huerbel.de\/index.php?rest_route=\/wp\/v2\/types\/page"}],"author":[{"embeddable":true,"href":"https:\/\/www.tcf-huerbel.de\/index.php?rest_route=\/wp\/v2\/users\/4"}],"replies":[{"embeddable":true,"href":"https:\/\/www.tcf-huerbel.de\/index.php?rest_route=%2Fwp%2Fv2%2Fcomments&post=3013"}],"version-history":[{"count":4,"href":"https:\/\/www.tcf-huerbel.de\/index.php?rest_route=\/wp\/v2\/pages\/3013\/revisions"}],"predecessor-version":[{"id":3024,"href":"https:\/\/www.tcf-huerbel.de\/index.php?rest_route=\/wp\/v2\/pages\/3013\/revisions\/3024"}],"wp:attachment":[{"href":"https:\/\/www.tcf-huerbel.de\/index.php?rest_route=%2Fwp%2Fv2%2Fmedia&parent=3013"}],"curies":[{"name":"wp","href":"https:\/\/api.w.org\/{rel}","templated":true}]}}