{"id":2425,"date":"2017-11-12T15:50:24","date_gmt":"2017-11-12T14:50:24","guid":{"rendered":"http:\/\/tcf-huerbel.de\/?page_id=2425"},"modified":"2017-11-12T15:56:43","modified_gmt":"2017-11-12T14:56:43","slug":"nuernberger-lk-race","status":"publish","type":"page","link":"https:\/\/www.tcf-huerbel.de\/?page_id=2425","title":{"rendered":"N\u00dcRNBERGER LK-Race"},"content":{"rendered":"<p><iframe style=\"float: left;\" src=\"https:\/\/mybigpoint.tennis.de\/services\/?action=lkracenv&amp;verband=BTV&amp;cnt=5&amp;verein=21116\" width=\"270\" height=\"500\" frameborder=\"0\" scrolling=\"no\"><\/iframe>Als Vereinnummer bitte die 21116 f\u00fcr den TCF eintragen<\/p>\n<p><strong>F\u00fcr alle Tennisbegeisterten beginnt jedes Jahr Anfang Oktober eine spannende Zeit. Bis Ende September des darauffolgenden Jahres haben \u00fcber 500.000 Tennisspieler die M\u00f6glichkeit, durch LK-Turniere, DTB Ranglistenturniere und im Mannschaftwettspielbetrieb flei\u00dfig LK-Punkte zu sammeln und damit ihre LK zu verbessern. Was viele nicht wissen: Ein LK-relevantes Ergebnis hat nicht nur Einfluss auf die Leistungsklasse, sondern wird automatisch im N\u00dcRNBERGER LK-Race gef\u00fchrt.<\/strong><\/p>\n<p>Im LK-Race werden alle Spieler nach ihrem aktuellen LK-Punktestand gelistet. Am Ende des LK-Jahres &#8211; Stichtag ist der 30. September\u00a0 wird dann abgerechnet und in jeder der 23 Leistungsklassen der weibliche und m\u00e4nnliche LK-Race-Sieger ermittelt.<\/p>\n<p>Insgesamt erspielten die aktuell F\u00fchrenden des LK- Races in den LKs 1-23 seit dem 1. Oktober 2016 schon 110.075 LK-Punkte*. Dabei erzielten die aktuell f\u00fchrenden Damen in 988 Matches 51.200 LK- Punkte*, die aktuell f\u00fchrenden Herren in 995 Matches ganze 58.875 LK-Punkte*. Und die Punktejagd geht weiter! Noch bis Ende September habt Ihr die Chance, Eure LK zu verbessern und Euch eine Top- Platzierung beim N\u00dcRNBERGER LK-Race zu sichern &#8211; herausragende Leistungen werden nat\u00fcrlich auch belohnt: Alle 46 LK-Race-Sieger d\u00fcrfen sich auch in diesem Jahr wieder auf hochwertige Sachpreise freuen, die von der N\u00dcRNBERGER Versicherung ausgelobt werden.<\/p>\n<p>Quelle:<br \/>\nhttps:\/\/mybigpoint.tennis.de\/news\/-\/asset_publisher\/CdfhemrT3Ndq\/content\/zwischenstand-im-nurnberger-lk-race<\/p>\n","protected":false},"excerpt":{"rendered":"<p>Als Vereinnummer bitte die 21116 f\u00fcr den TCF eintragen F\u00fcr alle Tennisbegeisterten beginnt jedes Jahr Anfang Oktober eine spannende Zeit. Bis Ende September des darauffolgenden Jahres haben \u00fcber 500.000 Tennisspieler die M\u00f6glichkeit, durch LK-Turniere, DTB Ranglistenturniere und im Mannschaftwettspielbetrieb flei\u00dfig LK-Punkte zu sammeln und damit ihre LK zu verbessern. Was viele nicht wissen: Ein LK-relevantes&#8230;<\/p>\n","protected":false},"author":4,"featured_media":0,"parent":0,"menu_order":0,"comment_status":"closed","ping_status":"closed","template":"","meta":{"footnotes":""},"class_list":["post-2425","page","type-page","status-publish","hentry"],"_links":{"self":[{"href":"https:\/\/www.tcf-huerbel.de\/index.php?rest_route=\/wp\/v2\/pages\/2425","targetHints":{"allow":["GET"]}}],"collection":[{"href":"https:\/\/www.tcf-huerbel.de\/index.php?rest_route=\/wp\/v2\/pages"}],"about":[{"href":"https:\/\/www.tcf-huerbel.de\/index.php?rest_route=\/wp\/v2\/types\/page"}],"author":[{"embeddable":true,"href":"https:\/\/www.tcf-huerbel.de\/index.php?rest_route=\/wp\/v2\/users\/4"}],"replies":[{"embeddable":true,"href":"https:\/\/www.tcf-huerbel.de\/index.php?rest_route=%2Fwp%2Fv2%2Fcomments&post=2425"}],"version-history":[{"count":6,"href":"https:\/\/www.tcf-huerbel.de\/index.php?rest_route=\/wp\/v2\/pages\/2425\/revisions"}],"predecessor-version":[{"id":2433,"href":"https:\/\/www.tcf-huerbel.de\/index.php?rest_route=\/wp\/v2\/pages\/2425\/revisions\/2433"}],"wp:attachment":[{"href":"https:\/\/www.tcf-huerbel.de\/index.php?rest_route=%2Fwp%2Fv2%2Fmedia&parent=2425"}],"curies":[{"name":"wp","href":"https:\/\/api.w.org\/{rel}","templated":true}]}}