{"id":167,"date":"2017-03-10T21:56:32","date_gmt":"2017-03-10T20:56:32","guid":{"rendered":"http:\/\/127.0.0.1:4001\/wordpress\/?page_id=167"},"modified":"2025-11-22T18:11:01","modified_gmt":"2025-11-22T17:11:01","slug":"home","status":"publish","type":"page","link":"https:\/\/www.tcf-huerbel.de\/","title":{"rendered":"Home"},"content":{"rendered":"\t\t<div data-elementor-type=\"wp-post\" data-elementor-id=\"167\" class=\"elementor elementor-167\">\n\t\t\t\t\t\t<section class=\"elementor-section elementor-top-section elementor-element elementor-element-1af1f59 elementor-section-boxed elementor-section-height-default elementor-section-height-default\" data-id=\"1af1f59\" data-element_type=\"section\" data-e-type=\"section\">\n\t\t\t\t\t\t<div class=\"elementor-container elementor-column-gap-default\">\n\t\t\t\t\t<div class=\"elementor-column elementor-col-100 elementor-top-column elementor-element elementor-element-73e902d\" data-id=\"73e902d\" data-element_type=\"column\" data-e-type=\"column\">\n\t\t\t<div class=\"elementor-widget-wrap elementor-element-populated\">\n\t\t\t\t\t\t<div class=\"elementor-element elementor-element-1ea29d4 elementor-widget elementor-widget-heading\" data-id=\"1ea29d4\" data-element_type=\"widget\" data-e-type=\"widget\" data-widget_type=\"heading.default\">\n\t\t\t\t<div class=\"elementor-widget-container\">\n\t\t\t\t\t<h1 class=\"elementor-heading-title elementor-size-default\">Herzlich Willkommen beim TCF H\u00fcrbel<\/h1>\t\t\t\t<\/div>\n\t\t\t\t<\/div>\n\t\t\t\t\t<\/div>\n\t\t<\/div>\n\t\t\t\t\t<\/div>\n\t\t<\/section>\n\t\t\t\t<section class=\"elementor-section elementor-top-section elementor-element elementor-element-82e98fb elementor-section-boxed elementor-section-height-default elementor-section-height-default\" data-id=\"82e98fb\" data-element_type=\"section\" data-e-type=\"section\">\n\t\t\t\t\t\t<div class=\"elementor-container elementor-column-gap-default\">\n\t\t\t\t\t<div class=\"elementor-column elementor-col-100 elementor-top-column elementor-element elementor-element-a956bd3\" data-id=\"a956bd3\" data-element_type=\"column\" data-e-type=\"column\">\n\t\t\t<div class=\"elementor-widget-wrap\">\n\t\t\t\t\t\t\t<\/div>\n\t\t<\/div>\n\t\t\t\t\t<\/div>\n\t\t<\/section>\n\t\t\t\t<section class=\"elementor-section elementor-top-section elementor-element elementor-element-217a4ba elementor-section-boxed elementor-section-height-default elementor-section-height-default\" data-id=\"217a4ba\" data-element_type=\"section\" data-e-type=\"section\">\n\t\t\t\t\t\t<div class=\"elementor-container elementor-column-gap-default\">\n\t\t\t\t\t<div class=\"elementor-column elementor-col-100 elementor-top-column elementor-element elementor-element-4107433\" data-id=\"4107433\" data-element_type=\"column\" data-e-type=\"column\">\n\t\t\t<div class=\"elementor-widget-wrap elementor-element-populated\">\n\t\t\t\t\t\t<div class=\"elementor-element elementor-element-8218470 elementor-position-left elementor-vertical-align-top elementor-widget elementor-widget-image-box\" data-id=\"8218470\" data-element_type=\"widget\" data-e-type=\"widget\" data-widget_type=\"image-box.default\">\n\t\t\t\t<div class=\"elementor-widget-container\">\n\t\t\t\t\t<div class=\"elementor-image-box-wrapper\"><figure class=\"elementor-image-box-img\"><img decoding=\"async\" width=\"124\" height=\"150\" src=\"https:\/\/www.tcf-huerbel.de\/wp-content\/uploads\/2025\/05\/Logo-TCF.jpg\" class=\"attachment-full size-full wp-image-3645\" alt=\"\" \/><\/figure><div class=\"elementor-image-box-content\"><p class=\"elementor-image-box-description\">Wir begr\u00fc\u00dfen Sie auf der Homepage des Tennisclub Feuerstein H\u00fcrbel e.V..<br>\nAuf den folgenden Seiten m\u00f6chten wir uns vorstellen und Ihnen zeigen, was unsere Mannschaften im Laufe der Zeit bereits erreicht haben. Siege und Niederlagen, ein fester Zusammenhalt, gemeinsamer Ehrgeiz und die Freude am Sport machen unseren Club aus - auch wenn wir noch nicht an der Spitze der Weltrangliste stehen!Wir w\u00fcnschen Ihnen viel Vergn\u00fcgen.<\/p><\/div><\/div>\t\t\t\t<\/div>\n\t\t\t\t<\/div>\n\t\t\t\t\t<\/div>\n\t\t<\/div>\n\t\t\t\t\t<\/div>\n\t\t<\/section>\n\t\t\t\t<section class=\"elementor-section elementor-top-section elementor-element elementor-element-01b6a42 elementor-section-boxed elementor-section-height-default elementor-section-height-default\" data-id=\"01b6a42\" data-element_type=\"section\" data-e-type=\"section\">\n\t\t\t\t\t\t<div class=\"elementor-container elementor-column-gap-default\">\n\t\t\t\t\t<div class=\"elementor-column elementor-col-100 elementor-top-column elementor-element elementor-element-8ea563a\" data-id=\"8ea563a\" data-element_type=\"column\" data-e-type=\"column\">\n\t\t\t<div class=\"elementor-widget-wrap elementor-element-populated\">\n\t\t\t\t\t\t<div class=\"elementor-element elementor-element-8cd742d elementor-widget-divider--view-line elementor-widget elementor-widget-divider\" data-id=\"8cd742d\" data-element_type=\"widget\" data-e-type=\"widget\" data-widget_type=\"divider.default\">\n\t\t\t\t<div class=\"elementor-widget-container\">\n\t\t\t\t\t\t\t<div class=\"elementor-divider\">\n\t\t\t<span class=\"elementor-divider-separator\">\n\t\t\t\t\t\t<\/span>\n\t\t<\/div>\n\t\t\t\t\t\t<\/div>\n\t\t\t\t<\/div>\n\t\t\t\t\t<\/div>\n\t\t<\/div>\n\t\t\t\t\t<\/div>\n\t\t<\/section>\n\t\t\t\t<section class=\"elementor-section elementor-top-section elementor-element elementor-element-9469447 elementor-section-boxed elementor-section-height-default elementor-section-height-default\" data-id=\"9469447\" data-element_type=\"section\" data-e-type=\"section\">\n\t\t\t\t\t\t<div class=\"elementor-container elementor-column-gap-default\">\n\t\t\t\t\t<div class=\"elementor-column elementor-col-100 elementor-top-column elementor-element elementor-element-704a563\" data-id=\"704a563\" data-element_type=\"column\" data-e-type=\"column\">\n\t\t\t<div class=\"elementor-widget-wrap elementor-element-populated\">\n\t\t\t\t\t\t<div class=\"elementor-element elementor-element-9bb6228 elementor-widget elementor-widget-icon-box\" data-id=\"9bb6228\" data-element_type=\"widget\" data-e-type=\"widget\" data-widget_type=\"icon-box.default\">\n\t\t\t\t<div class=\"elementor-widget-container\">\n\t\t\t\t\t\t\t<div class=\"elementor-icon-box-wrapper\">\n\n\t\t\t\n\t\t\t\t\t\t<div class=\"elementor-icon-box-content\">\n\n\t\t\t\t\t\t\t\t\t<h2 class=\"elementor-icon-box-title\">\n\t\t\t\t\t\t<span  >\n\t\t\t\t\t\t\tAktuelles\t\t\t\t\t\t<\/span>\n\t\t\t\t\t<\/h2>\n\t\t\t\t\n\t\t\t\t\t\t\t\t\t<p class=\"elementor-icon-box-description\">\n\t\t\t\t\t\tTCF-Pinnwand, Aktuelle News und Berichte, Ank\u00fcndigungen \u00fcber TCF-Termine und Veranstaltungen.\t\t\t\t\t<\/p>\n\t\t\t\t\n\t\t\t<\/div>\n\t\t\t\n\t\t<\/div>\n\t\t\t\t\t\t<\/div>\n\t\t\t\t<\/div>\n\t\t\t\t\t<\/div>\n\t\t<\/div>\n\t\t\t\t\t<\/div>\n\t\t<\/section>\n\t\t\t\t<section class=\"elementor-section elementor-top-section elementor-element elementor-element-066296a elementor-section-boxed elementor-section-height-default elementor-section-height-default\" data-id=\"066296a\" data-element_type=\"section\" data-e-type=\"section\">\n\t\t\t\t\t\t<div class=\"elementor-container elementor-column-gap-default\">\n\t\t\t\t\t<div class=\"elementor-column elementor-col-50 elementor-top-column elementor-element elementor-element-b2ec242\" data-id=\"b2ec242\" data-element_type=\"column\" data-e-type=\"column\">\n\t\t\t<div class=\"elementor-widget-wrap elementor-element-populated\">\n\t\t\t\t\t\t<div class=\"elementor-element elementor-element-3c82fae elementor-widget elementor-widget-wp-widget-ai1ec_agenda_widget\" data-id=\"3c82fae\" data-element_type=\"widget\" data-e-type=\"widget\" data-widget_type=\"wp-widget-ai1ec_agenda_widget.default\">\n\t\t\t\t<div class=\"elementor-widget-container\">\n\t\t\t\t\t\n\n\n<style>\n<!--\n\n-->\n<\/style>\n<div class=\"timely ai1ec-agenda-widget-view ai1ec-clearfix\">\n\n\t\t\t<p class=\"ai1ec-no-results\">\n\t\t\tEs gibt keine bevorstehenden Veranstaltungen.\n\t\t<\/p>\n\t \n\t \n<\/div>\n\n\n\n\t\t\t\t<\/div>\n\t\t\t\t<\/div>\n\t\t\t\t\t<\/div>\n\t\t<\/div>\n\t\t\t\t<div class=\"elementor-column elementor-col-50 elementor-top-column elementor-element elementor-element-ecf1ae9\" data-id=\"ecf1ae9\" data-element_type=\"column\" data-e-type=\"column\">\n\t\t\t<div class=\"elementor-widget-wrap elementor-element-populated\">\n\t\t\t\t\t\t<div class=\"elementor-element elementor-element-0d5b2f9 elementor-grid-eael-col-2 elementor-grid-tablet-eael-col-2 elementor-grid-mobile-eael-col-1 elementor-widget elementor-widget-eael-post-grid\" data-id=\"0d5b2f9\" data-element_type=\"widget\" data-e-type=\"widget\" data-settings=\"{&quot;eael_post_grid_columns&quot;:&quot;eael-col-2&quot;,&quot;eael_post_grid_columns_tablet&quot;:&quot;eael-col-2&quot;,&quot;eael_post_grid_columns_mobile&quot;:&quot;eael-col-1&quot;}\" data-widget_type=\"eael-post-grid.default\">\n\t\t\t\t<div class=\"elementor-widget-container\">\n\t\t\t\t\t<div id=\"eael-post-grid-0d5b2f9\" class=\"eael-post-grid-container\">\n            <div class=\"eael-post-grid eael-post-appender eael-post-appender-0d5b2f9 eael-post-grid-style-one\" data-layout-mode=\"masonry\"><article class=\"eael-grid-post  eael-post-grid-column eael-pg-post-2698 category-uncategorized\" data-id=\"2698\">\n        <div class=\"eael-grid-post-holder\">\n            <div class=\"eael-grid-post-holder-inner\"><div class=\"eael-entry-media\"><div class=\"eael-entry-overlay fade-in\"><i class=\"fas fa-long-arrow-alt-right\" aria-hidden=\"true\"><\/i><a href=\"https:\/\/www.tcf-huerbel.de\/?p=2698\"><\/a><\/div><div class=\"eael-entry-thumbnail \">\n                <img fetchpriority=\"high\" decoding=\"async\" width=\"300\" height=\"225\" src=\"https:\/\/www.tcf-huerbel.de\/wp-content\/uploads\/2017\/03\/tennisplatz-e1554309723656.jpg\" class=\"attachment-medium size-medium wp-image-793\" alt=\"\" \/>\n            <\/div>\n        <\/div><div class=\"eael-entry-wrapper\"><header class=\"eael-entry-header\"><h2 class=\"eael-entry-title\"><a class=\"eael-grid-post-link\" href=\"https:\/\/www.tcf-huerbel.de\/?p=2698\" title=\"Neueinsteiger willkommen!\">Neueinsteiger willkommen!<\/a><\/h2><\/header><div class=\"eael-entry-content\">\n                        <div class=\"eael-grid-post-excerpt\"><p>Die Tennissaison 2026 steht kurz vor ihrem Beginn. Wer Interesse hat, in unserem Verein Tennis zu spielen bzw. das Tennisspielen zu erlernen, der meldet sich bitte m\u00f6glichst rasch bei der Vorstandschaft (mail@fels-it.de oder Tel.: 01729499342). Wir bieten Training f\u00fcr alle Altersklassen und auf allen Niveaustufen an und haben dar\u00fcber hinaus...<\/p><a href=\"https:\/\/www.tcf-huerbel.de\/?p=2698\" class=\"eael-post-elements-readmore-btn\">Read More<\/a><\/div>\n                    <\/div><\/div><\/div>\n        <\/div>\n    <\/article><article class=\"eael-grid-post  eael-post-grid-column eael-pg-post-3687 category-uncategorized\" data-id=\"3687\">\n        <div class=\"eael-grid-post-holder\">\n            <div class=\"eael-grid-post-holder-inner\"><div class=\"eael-entry-media\"><div class=\"eael-entry-overlay fade-in\"><i class=\"fas fa-long-arrow-alt-right\" aria-hidden=\"true\"><\/i><a href=\"https:\/\/www.tcf-huerbel.de\/?p=3687\"><\/a><\/div><div class=\"eael-entry-thumbnail \">\n                <img decoding=\"async\" width=\"124\" height=\"150\" src=\"https:\/\/www.tcf-huerbel.de\/wp-content\/uploads\/2025\/05\/Logo-TCF.jpg\" class=\"attachment-medium size-medium wp-image-3645\" alt=\"\" \/>\n            <\/div>\n        <\/div><div class=\"eael-entry-wrapper\"><header class=\"eael-entry-header\"><h2 class=\"eael-entry-title\"><a class=\"eael-grid-post-link\" href=\"https:\/\/www.tcf-huerbel.de\/?p=3687\" title=\"Saisonbeginn und wichtige Infos\">Saisonbeginn und wichtige Infos<\/a><\/h2><\/header><div class=\"eael-entry-content\">\n                        <div class=\"eael-grid-post-excerpt\"><p>Liebe Vereinsmitglieder, Wir w\u00fcnschen allen eine sch\u00f6ne Tennissaison 2026! Eure Vorstandschaft<\/p><a href=\"https:\/\/www.tcf-huerbel.de\/?p=3687\" class=\"eael-post-elements-readmore-btn\">Read More<\/a><\/div>\n                    <\/div><\/div><\/div>\n        <\/div>\n    <\/article><\/div>\n            <div class=\"clearfix\"><\/div>\n        <\/div>\t\t\t\t<\/div>\n\t\t\t\t<\/div>\n\t\t\t\t\t<\/div>\n\t\t<\/div>\n\t\t\t\t\t<\/div>\n\t\t<\/section>\n\t\t\t\t<\/div>\n\t\t","protected":false},"excerpt":{"rendered":"<p>Herzlich Willkommen beim TCF H\u00fcrbel Wir begr\u00fc\u00dfen Sie auf der Homepage des Tennisclub Feuerstein H\u00fcrbel e.V.. Auf den folgenden Seiten m\u00f6chten wir uns vorstellen und Ihnen zeigen, was unsere Mannschaften im Laufe der Zeit bereits erreicht haben. Siege und Niederlagen, ein fester Zusammenhalt, gemeinsamer Ehrgeiz und die Freude am Sport machen unseren Club aus &#8211;&#8230;<\/p>\n","protected":false},"author":2,"featured_media":0,"parent":0,"menu_order":0,"comment_status":"closed","ping_status":"closed","template":"","meta":{"footnotes":""},"class_list":["post-167","page","type-page","status-publish","hentry"],"_links":{"self":[{"href":"https:\/\/www.tcf-huerbel.de\/index.php?rest_route=\/wp\/v2\/pages\/167","targetHints":{"allow":["GET"]}}],"collection":[{"href":"https:\/\/www.tcf-huerbel.de\/index.php?rest_route=\/wp\/v2\/pages"}],"about":[{"href":"https:\/\/www.tcf-huerbel.de\/index.php?rest_route=\/wp\/v2\/types\/page"}],"author":[{"embeddable":true,"href":"https:\/\/www.tcf-huerbel.de\/index.php?rest_route=\/wp\/v2\/users\/2"}],"replies":[{"embeddable":true,"href":"https:\/\/www.tcf-huerbel.de\/index.php?rest_route=%2Fwp%2Fv2%2Fcomments&post=167"}],"version-history":[{"count":141,"href":"https:\/\/www.tcf-huerbel.de\/index.php?rest_route=\/wp\/v2\/pages\/167\/revisions"}],"predecessor-version":[{"id":3674,"href":"https:\/\/www.tcf-huerbel.de\/index.php?rest_route=\/wp\/v2\/pages\/167\/revisions\/3674"}],"wp:attachment":[{"href":"https:\/\/www.tcf-huerbel.de\/index.php?rest_route=%2Fwp%2Fv2%2Fmedia&parent=167"}],"curies":[{"name":"wp","href":"https:\/\/api.w.org\/{rel}","templated":true}]}}